{"id":87,"date":"2022-03-10T19:35:01","date_gmt":"2022-03-10T19:35:01","guid":{"rendered":"https:\/\/sklep.kreatywnymokiem.pl\/?post_type=product&#038;p=87"},"modified":"2025-07-17T18:38:13","modified_gmt":"2025-07-17T18:38:13","slug":"zielnik","status":"publish","type":"product","link":"https:\/\/sklep.kreatywnymokiem.pl\/?product=zielnik","title":{"rendered":"Zielnik"},"content":{"rendered":"<p>&#8222;Zielnik&#8221; to niezwyk\u0142a pomoc do stworzenia w\u0142asnej ksi\u0105\u017cki przyrodniczej. Nie musisz wybiera\u0107 si\u0119 daleko, by odkry\u0107 niezwyk\u0142e okazy polskiej flory. Trzy rodzaje kart pomog\u0105 Wam stworzy\u0107 wyj\u0105tkowy zielnik.<\/p>\n<p>Pierwsza\u00a0 z nich dostosowana jest do kwiat\u00f3w, druga do drzew, a trzecia jest uniwersalna. Dodatkowo znajdziesz tu opis budowy kwiatu oraz r\u00f3\u017cnorodne rodzaje kwiat\u00f3w i kwiatostan\u00f3w.<\/p>\n<p><img decoding=\"async\" class=\"aligncenter\" src=\"https:\/\/kreatywnymokiem.pl\/wp-content\/uploads\/2019\/06\/zielnik-darmowe-szablony-3.jpg\" \/><\/p>\n<p><img decoding=\"async\" class=\"aligncenter\" src=\"https:\/\/kreatywnymokiem.pl\/wp-content\/uploads\/2019\/06\/zielnik-darmowe-szablony-6.jpg\" \/><\/p>\n","protected":false},"excerpt":{"rendered":"<p>&#8222;Zielnik&#8221; to niezwyk\u0142a pomoc do stworzenia w\u0142asnej ksi\u0105\u017cki przyrodniczej. Nie musisz wybiera\u0107 si\u0119 daleko, by odkry\u0107 niezwyk\u0142e okazy polskiej flory. Trzy rodzaje kart pomog\u0105 Wam stworzy\u0107 wyj\u0105tkowy zielnik. Pierwsza\u00a0 z nich dostosowana jest do kwiat\u00f3w, druga do drzew, a trzecia jest uniwersalna. Dodatkowo znajdziesz tu opis budowy kwiatu oraz r\u00f3\u017cnorodne rodzaje kwiat\u00f3w i kwiatostan\u00f3w.<\/p>\n","protected":false},"featured_media":88,"comment_status":"open","ping_status":"closed","template":"","meta":[],"product_brand":[],"product_cat":[41,42,40,20],"product_tag":[26],"class_list":{"0":"post-87","1":"product","2":"type-product","3":"status-publish","4":"has-post-thumbnail","6":"product_cat-edukacja-wczesnoszkolna","7":"product_cat-klasy-4-8","8":"product_cat-przedszkole","9":"product_cat-karty-pracy","10":"product_tag-przyroda","12":"first","13":"instock","14":"downloadable","15":"virtual","16":"taxable","17":"purchasable","18":"product-type-simple"},"_links":{"self":[{"href":"https:\/\/sklep.kreatywnymokiem.pl\/index.php?rest_route=\/wp\/v2\/product\/87","targetHints":{"allow":["GET"]}}],"collection":[{"href":"https:\/\/sklep.kreatywnymokiem.pl\/index.php?rest_route=\/wp\/v2\/product"}],"about":[{"href":"https:\/\/sklep.kreatywnymokiem.pl\/index.php?rest_route=\/wp\/v2\/types\/product"}],"replies":[{"embeddable":true,"href":"https:\/\/sklep.kreatywnymokiem.pl\/index.php?rest_route=%2Fwp%2Fv2%2Fcomments&post=87"}],"wp:featuredmedia":[{"embeddable":true,"href":"https:\/\/sklep.kreatywnymokiem.pl\/index.php?rest_route=\/wp\/v2\/media\/88"}],"wp:attachment":[{"href":"https:\/\/sklep.kreatywnymokiem.pl\/index.php?rest_route=%2Fwp%2Fv2%2Fmedia&parent=87"}],"wp:term":[{"taxonomy":"product_brand","embeddable":true,"href":"https:\/\/sklep.kreatywnymokiem.pl\/index.php?rest_route=%2Fwp%2Fv2%2Fproduct_brand&post=87"},{"taxonomy":"product_cat","embeddable":true,"href":"https:\/\/sklep.kreatywnymokiem.pl\/index.php?rest_route=%2Fwp%2Fv2%2Fproduct_cat&post=87"},{"taxonomy":"product_tag","embeddable":true,"href":"https:\/\/sklep.kreatywnymokiem.pl\/index.php?rest_route=%2Fwp%2Fv2%2Fproduct_tag&post=87"}],"curies":[{"name":"wp","href":"https:\/\/api.w.org\/{rel}","templated":true}]}}